{"id":1709,"date":"2020-05-20T10:42:48","date_gmt":"2020-05-20T08:42:48","guid":{"rendered":"https:\/\/www.pcboschmans.com\/dagkoersen\/"},"modified":"2020-07-14T14:12:53","modified_gmt":"2020-07-14T12:12:53","slug":"tarifs-journalier","status":"publish","type":"page","link":"https:\/\/www.pcboschmans.com\/fr\/tarifs-journalier\/","title":{"rendered":"Tarifs journalier"},"content":{"rendered":"Vous devez \u00eatre connect\u00e9 pour voir ce contenu.","protected":false},"excerpt":{"rendered":"Vous devez \u00eatre connect\u00e9 pour voir ce contenu.","protected":false},"author":1,"featured_media":0,"parent":0,"menu_order":0,"comment_status":"closed","ping_status":"closed","template":"","meta":{"_acf_changed":false,"inline_featured_image":false,"footnotes":""},"class_list":["post-1709","page","type-page","status-publish","hentry"],"acf":[],"_links":{"self":[{"href":"https:\/\/www.pcboschmans.com\/fr\/wp-json\/wp\/v2\/pages\/1709","targetHints":{"allow":["GET"]}}],"collection":[{"href":"https:\/\/www.pcboschmans.com\/fr\/wp-json\/wp\/v2\/pages"}],"about":[{"href":"https:\/\/www.pcboschmans.com\/fr\/wp-json\/wp\/v2\/types\/page"}],"author":[{"embeddable":true,"href":"https:\/\/www.pcboschmans.com\/fr\/wp-json\/wp\/v2\/users\/1"}],"replies":[{"embeddable":true,"href":"https:\/\/www.pcboschmans.com\/fr\/wp-json\/wp\/v2\/comments?post=1709"}],"version-history":[{"count":3,"href":"https:\/\/www.pcboschmans.com\/fr\/wp-json\/wp\/v2\/pages\/1709\/revisions"}],"predecessor-version":[{"id":1714,"href":"https:\/\/www.pcboschmans.com\/fr\/wp-json\/wp\/v2\/pages\/1709\/revisions\/1714"}],"wp:attachment":[{"href":"https:\/\/www.pcboschmans.com\/fr\/wp-json\/wp\/v2\/media?parent=1709"}],"curies":[{"name":"wp","href":"https:\/\/api.w.org\/{rel}","templated":true}]}}