{"id":1645,"date":"2020-05-27T11:37:35","date_gmt":"2020-05-27T09:37:35","guid":{"rendered":"https:\/\/www.pcboschmans.com\/catalogus-flipbook-handbook\/"},"modified":"2020-07-14T11:19:56","modified_gmt":"2020-07-14T09:19:56","slug":"catalogue-flipbook-manuel","status":"publish","type":"page","link":"https:\/\/www.pcboschmans.com\/fr\/catalogue-flipbook-manuel\/","title":{"rendered":"Catalogue Flipbook manuel"},"content":{"rendered":"Vous devez \u00eatre connect\u00e9 pour voir ce contenu.","protected":false},"excerpt":{"rendered":"Vous devez \u00eatre connect\u00e9 pour voir ce contenu.","protected":false},"author":1,"featured_media":0,"parent":0,"menu_order":0,"comment_status":"closed","ping_status":"closed","template":"","meta":{"_acf_changed":false,"inline_featured_image":false,"footnotes":""},"class_list":["post-1645","page","type-page","status-publish","hentry"],"acf":[],"_links":{"self":[{"href":"https:\/\/www.pcboschmans.com\/fr\/wp-json\/wp\/v2\/pages\/1645","targetHints":{"allow":["GET"]}}],"collection":[{"href":"https:\/\/www.pcboschmans.com\/fr\/wp-json\/wp\/v2\/pages"}],"about":[{"href":"https:\/\/www.pcboschmans.com\/fr\/wp-json\/wp\/v2\/types\/page"}],"author":[{"embeddable":true,"href":"https:\/\/www.pcboschmans.com\/fr\/wp-json\/wp\/v2\/users\/1"}],"replies":[{"embeddable":true,"href":"https:\/\/www.pcboschmans.com\/fr\/wp-json\/wp\/v2\/comments?post=1645"}],"version-history":[{"count":3,"href":"https:\/\/www.pcboschmans.com\/fr\/wp-json\/wp\/v2\/pages\/1645\/revisions"}],"predecessor-version":[{"id":1671,"href":"https:\/\/www.pcboschmans.com\/fr\/wp-json\/wp\/v2\/pages\/1645\/revisions\/1671"}],"wp:attachment":[{"href":"https:\/\/www.pcboschmans.com\/fr\/wp-json\/wp\/v2\/media?parent=1645"}],"curies":[{"name":"wp","href":"https:\/\/api.w.org\/{rel}","templated":true}]}}